{"id":57,"date":"2022-12-04T21:52:37","date_gmt":"2022-12-04T21:52:37","guid":{"rendered":"https:\/\/unerwuenschtewege.de\/ru\/?page_id=57"},"modified":"2023-05-31T18:26:18","modified_gmt":"2023-05-31T18:26:18","slug":"datenschutzerklarung","status":"publish","type":"page","link":"https:\/\/unerwuenschtewege.de\/ru\/datenschutzerklarung\/","title":{"rendered":"Datenschutzerkl\u00e4rung"},"content":{"rendered":"\n<p>Mit dieser Erkl\u00e4rung erf\u00fcllen wir als Verantwortliche f\u00fcr den Datenschutz die Informationspflichten aus Art. 13, 14, 7 Abs. 3 Satz 3 und Art. 21 Abs. 4 Datenschutzgrundverordnung (DSGVO).<\/p>\n\n\n\n<p>Wir verarbeiten personenbezogene Daten nur im notwendigen Umfang.<\/p>\n\n\n\n<p>Personenbezogene Daten sind alle Informationen, die sich auf identifizierte oder identifizierbare nat\u00fcrliche Personen beziehen (betroffene Person). Als identifizierbar wird eine nat\u00fcrliche Person angesehen, die direkt oder indirekt, auch durch die Kombination von eigenen und fremden Informationen bestimmt werden kann, beispielsweise durch eine Kennung wie einem Namen, einer Kennnummer, durch Standortdaten, durch eine Online- Kennung oder ein oder mehrere besondere Merkmale. Eine Kennung sind auch die durch das Aufrufen einer Webseite notwendigerweise entstehende Informationen wie die IP-Adresse.<\/p>\n\n\n\n<h3 class=\"wp-block-heading\">1. Name und Anschrift der f\u00fcr die Verarbeitung und f\u00fcr den Datenschutz Verantwortlichen<\/h3>\n\n\n\n<p>Sabine Erdmann-Kut\u00adne\u00advic, Vorstand MEMORIAL Deutschland e.V.,Haus der Demokratie<br>und Menschenrechte, Greifswalder Stra\u00dfe 4, 10405 Berlin. Telefon: 030 83229414. E-Mail: info(at)memorial.de<\/p>\n\n\n\n<h3 class=\"wp-block-heading\">2. Erfassung von Daten und Informationen<\/h3>\n\n\n\n<h4 class=\"wp-block-heading\">a) Durch Aufruf dieser Internetseite<\/h4>\n\n\n\n<p>Mit jedem Aufruf dieser Internetseite durch eine betroffene Person oder ein automatisiertes System werden eine Reihe von allgemeinen Daten und Informationen erfasst. Diese allgemeinen Daten und Informationen werden in den Logfiles des Servers gespeichert. Erfasst werden k\u00f6nnen die (1) verwendeten Browsertypen und Versionen, (2) das vom zugreifenden System verwendete Betriebssystem, (3) die Internetseite, von welcher ein zugreifendes System auf unsere Internetseite gelangt (sogenannte Referrer), (4) die Unterwebseiten, welche \u00fcber ein zugreifendes System auf unserer Internetseite angesteuert werden, (5) das Datum und die Uhrzeit eines Zugriffs auf die Internetseite, (6) eine Internet- Protokoll-Adresse (IP-Adresse), (7) der Internet-Service-Provider des zugreifenden Systems und (8) sonstige \u00e4hnliche Daten und Informationen, die der Gefahrenabwehr im Falle von Angriffen auf unsere informationstechnologischen Systeme dienen.<\/p>\n\n\n\n<p>Bei der Nutzung dieser allgemeinen Daten und Informationen ziehen wir keine R\u00fcckschl\u00fcsse auf die betroffene Person. Diese Informationen werden vielmehr ben\u00f6tigt, um (1) die Inhalte unserer Internetseite korrekt auszuliefern und (2) die dauerhafte Funktionsf\u00e4higkeit unserer informationstechnologischen Systeme und der Technik unserer Internetseite zu gew\u00e4hrleisten. Die anonymen Daten der Server-Logfiles werden getrennt von allen durch eine betroffene Person angegebenen personenbezogenen Daten gespeichert.<\/p>\n\n\n\n<p>Die personenbezogenen Daten werden direkt von der betroffenen Person und ihren<br>elektronischen Endger\u00e4ten bezogen.<\/p>\n\n\n\n<p>Rechtsgrundlage f\u00fcr die Verarbeitung dieser personenbezogenen Daten ist Art. 6 Abs. 1 S. 1<br>lit. f) DSGVO in Verbindung mit den aufgef\u00fchrten berechtigten Interessen.<\/p>\n\n\n\n<p>Die Daten werden auf einem Server des Anbieters <a href=\"https:\/\/www.hostinger.de\/impressum\" data-type=\"URL\" data-id=\"https:\/\/www.hostinger.de\/impressum\">hostinger.de\/impressum<\/a> gespeichert.<\/p>\n\n\n\n<p>Eine Weitergabe der Daten erfolgt nur, soweit hierzu eine rechtliche Verpflichtung beispielsweise zum Zwecke der Strafverfolgung besteht.<\/p>\n\n\n\n<p>Ohne die genannten Verbindungsdaten ist die Nutzung dieser Internetseite aus technischen Gr\u00fcnden oder aus Gr\u00fcnden zum Schutze der IT-Sicherheit nicht m\u00f6glich.<\/p>\n\n\n\n<h4 class=\"wp-block-heading\">b) Durch Kontaktaufnahme<\/h4>\n\n\n\n<p>Sofern Sie mit uns Kontakt aufnehmen, um sich \u00fcber unsere Dienstleistungen zu informieren, werden die von Ihnen dabei \u00fcbermittelten Informationen (wie E-Mail-Adresse, Name, Telefonnummer und ggfls. weitere Angaben) von uns gespeichert, um Ihr Anliegen zu bearbeiten.<\/p>\n\n\n\n<p>Die Verarbeitung der Daten erfolgt dabei auf Grundlage von Artikel 6 Absatz 1 lit. b) DSGVO. Eine Verarbeitung der von Ihnen \u00fcbermittelten personenbezogenen Daten ist zum Zweck der Bearbeitung Ihres Anliegens erforderlich.<\/p>\n\n\n\n<h3 class=\"wp-block-heading\">3. Automatisierte Entscheidungsfindung\/Profiling<\/h3>\n\n\n\n<p>Wir verzichten grunds\u00e4tzlich auf eine automatisierte Entscheidungsfindung.<\/p>\n\n\n\n<h3 class=\"wp-block-heading\">4. Daten\u00fcbermittlung Drittland<\/h3>\n\n\n\n<p>Es besteht nicht die Absicht, die personenbezogenen Daten an Empf\u00e4nger in einem Drittland oder an eine internationale Organisation zu \u00fcbermitteln.<\/p>\n\n\n\n<h3 class=\"wp-block-heading\">5. Speicherdauer<\/h3>\n\n\n\n<p>Entf\u00e4llt der Speicherungszweck, werden die personenbezogenen Daten routinem\u00e4\u00dfig und entsprechend den gesetzlichen Vorschriften gesperrt oder gel\u00f6scht, sofern nach Art. 17 Abs. 3 DSGVO kein berechtigtes Interesse oder eine Pflicht zur Aufbewahrung besteht.<\/p>\n\n\n\n<h3 class=\"wp-block-heading\">6. Rechte der betroffenen Person<\/h3>\n\n\n\n<p>Betroffene haben gegen\u00fcber den Verantwortlichen folgende Rechte in Bezug auf die Verarbeitung ihrer personenbezogenen Daten. Diese Rechte k\u00f6nnen gegen\u00fcber den Verantwortlichen unter den angegebenen Kontaktdaten geltend gemacht werden.<\/p>\n\n\n\n<h4 class=\"wp-block-heading\">a) Recht auf Auskunft (Art. 15 DSGVO)<\/h4>\n\n\n\n<p>Jede betroffene Person hat das Recht, jederzeit unentgeltliche Auskunft \u00fcber die zu ihrer Person gespeicherten personenbezogenen Daten und eine Kopie dieser Auskunft zu erhalten.<\/p>\n\n\n\n<p>Das Auskunftsrecht bezieht sich auch auf einige andere wichtige Kriterien wie die Verarbeitungszwecke, die Speicherdauer oder darauf, ob personenbezogene Daten an ein Drittland oder an eine internationale Organisation \u00fcbermittelt wurden. Sofern dies der Fall ist, so steht der betroffenen Person im \u00dcbrigen das Recht zu, Auskunft \u00fcber die geeigneten Garantien im Zusammenhang mit der \u00dcbermittlung zu erhalten.<\/p>\n\n\n\n<h4 class=\"wp-block-heading\">b) Recht auf Berichtigung (Art. 16 DSGVO)<\/h4>\n\n\n\n<p>Jede betroffene Person hat das Recht, unrichtige personenbezogene Daten korrigieren zu lassen.<\/p>\n\n\n\n<h4 class=\"wp-block-heading\">c) Recht auf L\u00f6schung (Art. 17 DSGVO)<\/h4>\n\n\n\n<p>Jede betroffene Person hat Recht, von den Verantwortlichen zu verlangen, dass die sie betreffenden personenbezogenen Daten unverz\u00fcglich gel\u00f6scht werden. Dies ist allerdings nur dann m\u00f6glich, wenn die personenbezogenen Daten nicht mehr notwendig sind, rechtswidrig verarbeitet werden oder eine Einwilligung zur Verarbeitung widerrufen wurde oder keine andere Ausnahme zur weiteren Speicherung nach Art. 17 DSGVO besteht.<\/p>\n\n\n\n<h4 class=\"wp-block-heading\">d) Recht auf Einschr\u00e4nkung der Verarbeitung (Art. 18 DSGVO)<\/h4>\n\n\n\n<p>Jede betroffene Person hat das Recht, von den Verantwortlichen unter bestimmten Voraussetzungen die Einschr\u00e4nkung der Verarbeitung zu verlangen.<\/p>\n\n\n\n<h4 class=\"wp-block-heading\">e) Recht auf Daten\u00fcbertragbarkeit (Art. 20 DSGVO)<\/h4>\n\n\n\n<p>Jede betroffene Person hat das Recht, die sie betreffenden personenbezogenen Daten, welche durch die betroffene Person einem Verantwortlichen bereitgestellt wurden, in einem strukturierten, g\u00e4ngigen und maschinenlesbaren Format zu erhalten, um sie ggfls. einem anderen Verantwortlichen weiterleiten zu lassen. Dies schlie\u00dft das Recht darauf ein, dass die personenbezogenen Daten direkt von einem Verantwortlichen an einen anderen Verantwortlichen \u00fcbermittelt werden, soweit dies technisch machbar ist und sofern hiervon nicht die Rechte und Freiheiten anderer Personen beeintr\u00e4chtigt werden.<\/p>\n\n\n\n<h4 class=\"wp-block-heading\">f) Recht auf Widerspruch (Art. 21 DSGVO)<\/h4>\n\n\n\n<p>Jede betroffene Person hat das Recht, aus Gr\u00fcnden, die sich aus ihrer besonderen Situation ergeben, jederzeit gegen die Verarbeitung sie betreffender personenbezogener Daten, die aufgrund von Art. 6 Abs. 1 lit. e) oder f) DSGVO erfolgt, Widerspruch einzulegen.<\/p>\n\n\n\n<h4 class=\"wp-block-heading\">g) Recht auf Widerruf einer datenschutzrechtlichen Einwilligung<\/h4>\n\n\n\n<p>Jede betroffene Person hat das Recht, eine Einwilligung zur Verarbeitung personenbezogener Daten jederzeit zu widerrufen.<\/p>\n\n\n\n<p>Die Rechtm\u00e4\u00dfigkeit der Verarbeitung aufgrund einer Einwilligung bleibt bis zum Eingang des Widerrufs unber\u00fchrt.<\/p>\n\n\n\n<p>Sofern die weitere Verarbeitung der personenbezogenen Daten aus anderen Grund erforderlich bleibt, wird die betroffene Person \u00fcber die Zweck\u00e4nderung informiert.<\/p>\n\n\n\n<h4 class=\"wp-block-heading\">h) Recht auf Widerspruch (Art. 21 DSGVO)<\/h4>\n\n\n\n<p>Beruht die Verarbeitung der personenbezogenen Daten auf Art. 6 Abs. 1 f) DSGVO, hat die betroffene Person das Recht, aus Gr\u00fcnden, die sich aus ihrer besonderen Situation ergeben, jederzeit gegen die Verarbeitung Widerspruch einzulegen (Art. 21 Abs. 1 DSGVO).<\/p>\n\n\n\n<h3 class=\"wp-block-heading\">7. Recht auf Beschwerde (Art. 21 DSGVO)<\/h3>\n\n\n\n<p>Neben den genannten Rechten besteht das Recht zur Beschwerde bei der\/dem f\u00fcr uns zust\u00e4ndigen Landesbeauftragten f\u00fcr den Datenschutz.<\/p>\n\n\n\n<p>Eine Liste der Datenschutzbeauftragten sowie deren Kontaktdaten k\u00f6nnen folgendem Link entnommen werden: <a href=\"https:\/\/www.bfdi.bund.de\/DE\/Service\/Anschriften\/anschriften_table.html\">https:\/\/www.bfdi.bund.de\/DE\/Service\/Anschriften\/anschriften_table.html<\/a><\/p>\n","protected":false},"excerpt":{"rendered":"<p>Mit dieser Erkl\u00e4rung erf\u00fcllen wir als Verantwortliche f\u00fcr den Datenschutz die Informationspflichten aus Art. 13, 14, 7 Abs. 3 Satz 3 und Art. 21 Abs. 4 Datenschutzgrundverordnung (DSGVO). Wir verarbeiten personenbezogene Daten nur im notwendigen Umfang. Personenbezogene Daten sind alle Informationen, die sich auf identifizierte oder identifizierbare nat\u00fcrliche Personen beziehen (betroffene Person). Als identifizierbar wird [&hellip;]<\/p>\n","protected":false},"author":1,"featured_media":0,"parent":0,"menu_order":0,"comment_status":"closed","ping_status":"closed","template":"","meta":{"_acf_changed":false,"footnotes":""},"categories":[],"tags":[],"class_list":["post-57","page","type-page","status-publish","hentry"],"acf":[],"_links":{"self":[{"href":"https:\/\/unerwuenschtewege.de\/ru\/wp-json\/wp\/v2\/pages\/57","targetHints":{"allow":["GET"]}}],"collection":[{"href":"https:\/\/unerwuenschtewege.de\/ru\/wp-json\/wp\/v2\/pages"}],"about":[{"href":"https:\/\/unerwuenschtewege.de\/ru\/wp-json\/wp\/v2\/types\/page"}],"author":[{"embeddable":true,"href":"https:\/\/unerwuenschtewege.de\/ru\/wp-json\/wp\/v2\/users\/1"}],"replies":[{"embeddable":true,"href":"https:\/\/unerwuenschtewege.de\/ru\/wp-json\/wp\/v2\/comments?post=57"}],"version-history":[{"count":3,"href":"https:\/\/unerwuenschtewege.de\/ru\/wp-json\/wp\/v2\/pages\/57\/revisions"}],"predecessor-version":[{"id":1023,"href":"https:\/\/unerwuenschtewege.de\/ru\/wp-json\/wp\/v2\/pages\/57\/revisions\/1023"}],"wp:attachment":[{"href":"https:\/\/unerwuenschtewege.de\/ru\/wp-json\/wp\/v2\/media?parent=57"}],"wp:term":[{"taxonomy":"category","embeddable":true,"href":"https:\/\/unerwuenschtewege.de\/ru\/wp-json\/wp\/v2\/categories?post=57"},{"taxonomy":"post_tag","embeddable":true,"href":"https:\/\/unerwuenschtewege.de\/ru\/wp-json\/wp\/v2\/tags?post=57"}],"curies":[{"name":"wp","href":"https:\/\/api.w.org\/{rel}","templated":true}]}}