{"id":38,"date":"2022-11-30T21:21:30","date_gmt":"2022-11-30T21:21:30","guid":{"rendered":"https:\/\/unerwuenschtewege.de\/ru\/?page_id=38"},"modified":"2023-05-22T19:43:05","modified_gmt":"2023-05-22T19:43:05","slug":"uber-das-projekt","status":"publish","type":"page","link":"https:\/\/unerwuenschtewege.de\/ru\/uber-das-projekt\/","title":{"rendered":"\u00dcber das Projekt"},"content":{"rendered":"\n<p>Auf dieser Webseite finden Sie zu dem Thema \u201eUnerw\u00fcnschte Wege. Informelle Begegnungen zwischen B\u00fcrgern der DDR und der UdSSR\u201c etwa 50 pers\u00f6nliche Geschichten in Textform, sechs Themenseiten zu Herkunft, Schule, Studium, Beruf, Sowjetische Armee und Reisen mit Zitaten aus diesen Texten; au\u00dferdem drei Video-Interviews und drei Podcasts. Damit stehen unterschiedliche Zug\u00e4nge zu den Inhalten zur Verf\u00fcgung.<\/p>\n\n\n\n<p>Die pers\u00f6nlichen Geschichten beruhen auf Audio-Interviews; entsprechend schimmert eine m\u00fcndliche Ausdrucksweise in den Texten durch. Die Interviewerinnen fanden ihre Protagonisten \u00fcber Recherchen in Literatur und Internet, \u00fcber Empfehlungen aus ihren Netzwerken und \u00fcber Facebook. Au\u00dferdem ergaben sich durch die Interviews Hinweise auf weitere&nbsp; Gespr\u00e4chspartner. Angefragt wurden Menschen, die vor 1990\/1991 B\u00fcrger der DDR oder der Sowjetunion waren und entsprechende Begegnungen hatten.<\/p>\n\n\n\n<p>Die Interviews wurden als offene Interviews gef\u00fchrt; in den Erinnerungsgang der Interviewpartner wurde also m\u00f6glichst wenig eingegriffen. Zun\u00e4chst stellte die Interviewerin die Hauptfrage nach informellen Begegnungen und bat den Gespr\u00e4chspartner, diese vor dem Hintergrund seiner biografischen Pr\u00e4gungen und m\u00f6glichst auch mit Blick darauf, welche Rolle die informellen Begegnungen in seinem weiteren Leben spielten, zu reflektieren. Die Interviewer stellten dann externe Nachfragen, das hei\u00dft Fragen zu Themen, die im Rahmen des Projektes und bezogen auf die Person ebenfalls von Interesse waren. Mit immanenten Nachfragen wurden Inhalte gekl\u00e4rt, welche nicht auf den ersten Blick verst\u00e4ndlich erschienen. Die Interviews wurden transkribiert und f\u00fcr die Pr\u00e4sentation im Internet gek\u00fcrzt.<\/p>\n\n\n\n<p>Interviews (Audio und Video):<em> <\/em>Natalia Konradova, Uta Gerlant<\/p>\n\n\n\n<p>Transkripte und Textbearbeitung Audiointerviews: Natalia Konradova, Uta Gerlant<\/p>\n\n\n\n<p>\u00dcbersetzungen: Natalia Konradova, Alexandra Rumyantseva, Anna Budina<br>Filmteam Videointerviews: Elena Kashirskaya mit Smallfish Production<br>Untertitel Videointerviews: Natalia Konradova, Anna Bunina<\/p>\n\n\n\n<p>Fotos: Elena Kashirskaya, Uta Gerlant, Natalia Konradova&nbsp;&nbsp;<\/p>\n\n\n\n<p>Podcasts: Natalia Konradova<br>Webseitengestaltung und -programmierung: Gajane Torboch<\/p>\n\n\n\n<p>Wir danken allen Interviewpartnern f\u00fcr die Gespr\u00e4che, die wir mit ihnen f\u00fchren durften, f\u00fcr ihr Vertrauen und ihre Zeit. Ein zus\u00e4tzlicher Dank gilt den Interviewpartnern, die uns ihre Privatarchive \u00f6ffneten.<br>Unser Dank geht auch an Astrid Kirchhof und Yaroslav Koshelev von dem Internet-Projekt <a href=\"https:\/\/wismut.saw-leipzig.de\/home\">Wismut-Erbe-Forschung<\/a> f\u00fcr den anregenden Austausch und die Vermittlung eines Zeitzeugen.<br>Auch all denjenigen, die uns dar\u00fcber hinaus mit guten Anregungen und der Vermittlung von Zeitzeugen hilfreich waren, danken wir.<\/p>\n\n\n\n<p>Das Projekt \u201eUnerw\u00fcnschte Wege\u201c ist ein Projekt von MEMORIAL Deutschland e.V. <\/p>\n\n\n\n<p>Das Projekt wurde im Jahr 2022 verwirklicht dank der F\u00f6rderung durch die Bundesstiftung zur Aufarbeitung der SED-Diktatur.<\/p>\n\n\n<div class=\"wp-block-image\">\n<figure class=\"alignleft size-full is-resized\"><img loading=\"lazy\" decoding=\"async\" src=\"https:\/\/unerwuenschtewege.de\/ru\/wp-content\/uploads\/sites\/2\/2023\/05\/memode.jpg\" alt=\"\" class=\"wp-image-937\" width=\"335\" height=\"126\" srcset=\"https:\/\/unerwuenschtewege.de\/ru\/wp-content\/uploads\/sites\/2\/2023\/05\/memode.jpg 400w, https:\/\/unerwuenschtewege.de\/ru\/wp-content\/uploads\/sites\/2\/2023\/05\/memode-300x113.jpg 300w\" sizes=\"auto, (max-width: 335px) 100vw, 335px\" \/><\/figure><\/div>\n\n<div class=\"wp-block-image\">\n<figure class=\"alignright size-full is-resized\"><img loading=\"lazy\" decoding=\"async\" src=\"https:\/\/unerwuenschtewege.de\/ru\/wp-content\/uploads\/sites\/2\/2023\/05\/logo-bundesstiftung-aufarbeitung-1.jpg\" alt=\"\" class=\"wp-image-936\" width=\"460\" height=\"83\" srcset=\"https:\/\/unerwuenschtewege.de\/ru\/wp-content\/uploads\/sites\/2\/2023\/05\/logo-bundesstiftung-aufarbeitung-1.jpg 689w, https:\/\/unerwuenschtewege.de\/ru\/wp-content\/uploads\/sites\/2\/2023\/05\/logo-bundesstiftung-aufarbeitung-1-300x54.jpg 300w\" sizes=\"auto, (max-width: 460px) 100vw, 460px\" \/><\/figure><\/div>","protected":false},"excerpt":{"rendered":"<p>Auf dieser Webseite finden Sie zu dem Thema \u201eUnerw\u00fcnschte Wege. Informelle Begegnungen zwischen B\u00fcrgern der DDR und der UdSSR\u201c etwa 50 pers\u00f6nliche Geschichten in Textform, sechs Themenseiten zu Herkunft, Schule, Studium, Beruf, Sowjetische Armee und Reisen mit Zitaten aus diesen Texten; au\u00dferdem drei Video-Interviews und drei Podcasts. Damit stehen unterschiedliche Zug\u00e4nge zu den Inhalten zur [&hellip;]<\/p>\n","protected":false},"author":1,"featured_media":0,"parent":0,"menu_order":0,"comment_status":"closed","ping_status":"closed","template":"","meta":{"_acf_changed":false,"footnotes":""},"categories":[],"tags":[],"class_list":["post-38","page","type-page","status-publish","hentry"],"acf":[],"_links":{"self":[{"href":"https:\/\/unerwuenschtewege.de\/ru\/wp-json\/wp\/v2\/pages\/38","targetHints":{"allow":["GET"]}}],"collection":[{"href":"https:\/\/unerwuenschtewege.de\/ru\/wp-json\/wp\/v2\/pages"}],"about":[{"href":"https:\/\/unerwuenschtewege.de\/ru\/wp-json\/wp\/v2\/types\/page"}],"author":[{"embeddable":true,"href":"https:\/\/unerwuenschtewege.de\/ru\/wp-json\/wp\/v2\/users\/1"}],"replies":[{"embeddable":true,"href":"https:\/\/unerwuenschtewege.de\/ru\/wp-json\/wp\/v2\/comments?post=38"}],"version-history":[{"count":11,"href":"https:\/\/unerwuenschtewege.de\/ru\/wp-json\/wp\/v2\/pages\/38\/revisions"}],"predecessor-version":[{"id":945,"href":"https:\/\/unerwuenschtewege.de\/ru\/wp-json\/wp\/v2\/pages\/38\/revisions\/945"}],"wp:attachment":[{"href":"https:\/\/unerwuenschtewege.de\/ru\/wp-json\/wp\/v2\/media?parent=38"}],"wp:term":[{"taxonomy":"category","embeddable":true,"href":"https:\/\/unerwuenschtewege.de\/ru\/wp-json\/wp\/v2\/categories?post=38"},{"taxonomy":"post_tag","embeddable":true,"href":"https:\/\/unerwuenschtewege.de\/ru\/wp-json\/wp\/v2\/tags?post=38"}],"curies":[{"name":"wp","href":"https:\/\/api.w.org\/{rel}","templated":true}]}}